{"id":79,"date":"2023-02-18T13:46:25","date_gmt":"2023-02-18T12:46:25","guid":{"rendered":"https:\/\/rsbygg.se\/?page_id=79"},"modified":"2023-02-18T17:27:36","modified_gmt":"2023-02-18T16:27:36","slug":"om-oss","status":"publish","type":"page","link":"https:\/\/rsbygg.se\/?page_id=79","title":{"rendered":"Om oss"},"content":{"rendered":"\n<p>Allt b\u00f6rjade som ung, i 7e klass. Man var skoltr\u00f6tt och orkade inte sitta stilla och sk\u00e4rpa sig i skolan.<br>Vi var 4 elever som k\u00e4nde det likadant, myror i brallan.<br>L\u00e4rarna best\u00e4mde att vi kunde f\u00e5 en prao plats ist\u00e4llet.<br>S\u00e5 det slutade med att vi gick 2 dagar i skolan och \u201djobbade\u201d i 3 dagar per vecka.<\/p>\n\n\n\n<p>Jag hade inte s\u00e5 stort val eftersom min l\u00e4rare pratade med min far som d\u00e5 drev en normalstor byggfirma, med n\u00e5gra anst\u00e4llda och som alla andra barn hade man v\u00e4ldigt stor respekt f\u00f6r sin far, det han sa, det l\u00f6d man\u2026<\/p>\n\n\n\n<p>Jag b\u00f6rjade min prao hos min far, det gick v\u00e4l inget vidare i b\u00f6rjan.<br>Man var tr\u00f6tt p\u00e5 morgonen och tyckte att det var tungt att vara \u201dbyggare\u201d.<br>Men allt eftersom tiden gick, b\u00e4ttre och b\u00e4ttre gick det.<\/p>\n\n\n\n<p>Jag fick en riktig anst\u00e4llning och med tiden \u00e4ven en egen familj att f\u00f6rs\u00f6rja, d\u00e5 f\u00f6rstod jag varf\u00f6r min far alltid tjatade p\u00e5 mig om hur viktigt det var att sk\u00f6ta sig och sitt jobb, f\u00f6r att kunna f\u00f6rs\u00f6rja familjen.<\/p>\n\n\n\n<p>\u00c5ren gick, 1993 blev min far d\u00e5lig och kroppen orkade inte med allt tungt slit l\u00e4ngre.<br>Sj\u00e4lv stod jag i valet och kvalet om vad jag skulle g\u00f6ra.<br>Jag hade ju varit anst\u00e4lld i ett par \u00e5r nu och det var tryggt.<br>Eftersom jag inte hade n\u00e5gon utbildning, bara min erfarenhet s\u00e5 visste jag inte hur det skulle g\u00e5.<\/p>\n\n\n\n<p>Men jag k\u00f6pt ut min far och \u00f6vertog firman samt kunderna.<br>F\u00f6r att underl\u00e4tta det hela s\u00e5 registrerade jag en Enskild firma. \u00c5ren rullade vidare till 2003, d\u00e5 jag tr\u00e4ffade en chef p\u00e5 Midroc Construction, han ville att vi skulle b\u00f6rja arbeta f\u00f6r dem, eftersom det gick fram\u00e5t f\u00f6r oss och dom hade h\u00f6rt mycket gott om oss och firman.<br>Men eftersom jag inte hade n\u00e5gon utbildning i grunden, fanns det ju lite problem, som l\u00f6stes i alla fall.<br>Vi kom bra \u00f6verrens och vi b\u00f6rjade jobba f\u00f6r dem, fick goda r\u00e5d om att \u00f6ppna Handelsbolag ist\u00e4llet. Detta gjorde vi och \u201dd\u00f6ptes\u201d d\u00e5 om till RS Bygg &amp; Entreprenad HB.<\/p>\n\n\n\n<p>Fick d\u00e5 ocks\u00e5 erbjudande om att avl\u00e4gga kompetensprov f\u00f6r olika omr\u00e5den, eftersom jag fortfarande saknade utbildning med kunskapen fanns d\u00e4r, detta gjorde jag och det slutade med yrkesbevis. Har \u00e4ven tagit andra certifikat inom olika omr\u00e5den som t.ex. f\u00f6r v\u00e5trumsbeh\u00f6righet, epoxi, asbest mm.<\/p>\n\n\n\n<p>Idag, st\u00e5r jag med en fram\u00e5t st\u00e5ende byggfirma med n\u00e5gra anst\u00e4llda, finns under Byggm\u00e4stare och \u00e4r totalentrepren\u00f6rer idag.<br>Samt 2011 bildades bolaget till ett aktiebolag.<\/p>\n\n\n\n<p>Jag kan med gott hj\u00e4rta s\u00e4ga att efter dessa \u00e5r som egenf\u00f6retagare, har jag min far att tacka.<br>Utan honom hade jag inte varit d\u00e4r jag \u00e4r idag och hoppas att jag f\u00f6rt generationen vidare som \u201dbyggare\u201d.<\/p>\n","protected":false},"excerpt":{"rendered":"<p>Allt b\u00f6rjade som ung, i 7e klass. Man var skoltr\u00f6tt och orkade inte sitta stilla och sk\u00e4rpa sig i skolan.Vi var 4 elever som k\u00e4nde det likadant, myror i brallan.L\u00e4rarna best\u00e4mde att vi kunde f\u00e5 en prao plats ist\u00e4llet.S\u00e5 det slutade med att vi gick 2 dagar i skolan och \u201djobbade\u201d i 3 dagar per [&hellip;]<\/p>\n","protected":false},"author":1,"featured_media":0,"parent":0,"menu_order":0,"comment_status":"closed","ping_status":"closed","template":"","meta":{"site-sidebar-layout":"default","site-content-layout":"","ast-site-content-layout":"default","site-content-style":"default","site-sidebar-style":"default","ast-global-header-display":"","ast-banner-title-visibility":"","ast-main-header-display":"","ast-hfb-above-header-display":"","ast-hfb-below-header-display":"","ast-hfb-mobile-header-display":"","site-post-title":"","ast-breadcrumbs-content":"","ast-featured-img":"","footer-sml-layout":"","ast-disable-related-posts":"","theme-transparent-header-meta":"","adv-header-id-meta":"","stick-header-meta":"","header-above-stick-meta":"","header-main-stick-meta":"","header-below-stick-meta":"","astra-migrate-meta-layouts":"default","ast-page-background-enabled":"default","ast-page-background-meta":{"desktop":{"background-color":"var(--ast-global-color-4)","background-image":"","background-repeat":"repeat","background-position":"center center","background-size":"auto","background-attachment":"scroll","background-type":"","background-media":"","overlay-type":"","overlay-color":"","overlay-opacity":"","overlay-gradient":""},"tablet":{"background-color":"","background-image":"","background-repeat":"repeat","background-position":"center center","background-size":"auto","background-attachment":"scroll","background-type":"","background-media":"","overlay-type":"","overlay-color":"","overlay-opacity":"","overlay-gradient":""},"mobile":{"background-color":"","background-image":"","background-repeat":"repeat","background-position":"center center","background-size":"auto","background-attachment":"scroll","background-type":"","background-media":"","overlay-type":"","overlay-color":"","overlay-opacity":"","overlay-gradient":""}},"ast-content-background-meta":{"desktop":{"background-color":"var(--ast-global-color-5)","background-image":"","background-repeat":"repeat","background-position":"center center","background-size":"auto","background-attachment":"scroll","background-type":"","background-media":"","overlay-type":"","overlay-color":"","overlay-opacity":"","overlay-gradient":""},"tablet":{"background-color":"var(--ast-global-color-5)","background-image":"","background-repeat":"repeat","background-position":"center center","background-size":"auto","background-attachment":"scroll","background-type":"","background-media":"","overlay-type":"","overlay-color":"","overlay-opacity":"","overlay-gradient":""},"mobile":{"background-color":"var(--ast-global-color-5)","background-image":"","background-repeat":"repeat","background-position":"center center","background-size":"auto","background-attachment":"scroll","background-type":"","background-media":"","overlay-type":"","overlay-color":"","overlay-opacity":"","overlay-gradient":""}},"footnotes":""},"class_list":["post-79","page","type-page","status-publish","hentry"],"_links":{"self":[{"href":"https:\/\/rsbygg.se\/index.php?rest_route=\/wp\/v2\/pages\/79","targetHints":{"allow":["GET"]}}],"collection":[{"href":"https:\/\/rsbygg.se\/index.php?rest_route=\/wp\/v2\/pages"}],"about":[{"href":"https:\/\/rsbygg.se\/index.php?rest_route=\/wp\/v2\/types\/page"}],"author":[{"embeddable":true,"href":"https:\/\/rsbygg.se\/index.php?rest_route=\/wp\/v2\/users\/1"}],"replies":[{"embeddable":true,"href":"https:\/\/rsbygg.se\/index.php?rest_route=%2Fwp%2Fv2%2Fcomments&post=79"}],"version-history":[{"count":5,"href":"https:\/\/rsbygg.se\/index.php?rest_route=\/wp\/v2\/pages\/79\/revisions"}],"predecessor-version":[{"id":275,"href":"https:\/\/rsbygg.se\/index.php?rest_route=\/wp\/v2\/pages\/79\/revisions\/275"}],"wp:attachment":[{"href":"https:\/\/rsbygg.se\/index.php?rest_route=%2Fwp%2Fv2%2Fmedia&parent=79"}],"curies":[{"name":"wp","href":"https:\/\/api.w.org\/{rel}","templated":true}]}}