{"id":77,"date":"2023-02-18T13:46:25","date_gmt":"2023-02-18T12:46:25","guid":{"rendered":"https:\/\/rsbygg.se\/?page_id=77"},"modified":"2023-02-18T17:47:04","modified_gmt":"2023-02-18T16:47:04","slug":"tjanster","status":"publish","type":"page","link":"https:\/\/rsbygg.se\/?page_id=77","title":{"rendered":"Tj\u00e4nster"},"content":{"rendered":"\n<figure class=\"wp-block-table is-style-stripes\"><table><tbody><tr><td class=\"has-text-align-left\" data-align=\"left\"><img loading=\"lazy\" decoding=\"async\" width=\"150\" height=\"150\" class=\"wp-image-116\" style=\"width: 150px;\" src=\"https:\/\/rsbygg.se\/wp-content\/uploads\/2023\/02\/company.png\" alt=\"\" srcset=\"https:\/\/rsbygg.se\/wp-content\/uploads\/2023\/02\/company.png 220w, https:\/\/rsbygg.se\/wp-content\/uploads\/2023\/02\/company-150x150.png 150w\" sizes=\"auto, (max-width: 150px) 100vw, 150px\" \/><br>F\u00f6retag<\/td><td class=\"has-text-align-left\" data-align=\"left\"><img loading=\"lazy\" decoding=\"async\" width=\"150\" height=\"150\" class=\"wp-image-117\" style=\"width: 150px;\" src=\"https:\/\/rsbygg.se\/wp-content\/uploads\/2023\/02\/private.png\" alt=\"\" srcset=\"https:\/\/rsbygg.se\/wp-content\/uploads\/2023\/02\/private.png 212w, https:\/\/rsbygg.se\/wp-content\/uploads\/2023\/02\/private-150x150.png 150w\" sizes=\"auto, (max-width: 150px) 100vw, 150px\" \/><br>Privat<\/td><\/tr><tr><td class=\"has-text-align-left\" data-align=\"left\">Till f\u00f6retag erbjuder RS Bygg ett brett utbud av entreprenadtj\u00e4nster.<br>Vi utf\u00f6r alla projekt enligt ABT 06 \/AB04 och med ett skarpt \u00f6ga f\u00f6r detaljer.<br>Med ett stort n\u00e4tverk av samarbetspartners kan vi erbjuda totalentreprenad &#8211; ett<br>effektiv arbetsfl\u00f6de f\u00f6r oss och en b\u00e4ttre kostnadseffektivitet f\u00f6r best\u00e4llaren.<br>Vi p\u00e5 RS Bygg erbjuder ett brett utbud av entreprenadtj\u00e4nster till<br>b\u00e5de kommersiella och professionella best\u00e4llare.<br>Vi tillgodoser ombyggnationer, tillbyggnader och nyproduktioner.<br>Ett bra samarbete ger en bra leverans \u2013 Genom v\u00e5rt n\u00e4tverk av<br>professionella samarbetspartners hj\u00e4lper vi till att samordna underleverant\u00f6rer,<br>konsulter och projekt\u00f6rer f\u00f6r att skapa ett effektivt arbetsfl\u00f6de med tydlig<br>kommunikation och bra kostnadseffektivitet i ert projekt.<br>Vi gillar nya utmaningar \u2013 Ni \u00e4r alltid v\u00e4lkomna att h\u00f6ra av er f\u00f6r att diskutera ert n\u00e4sta projekt.<\/td><td class=\"has-text-align-left\" data-align=\"left\">F\u00f6r privatpersoner erbjuder RS Bygg allt fr\u00e5n mindre till st\u00f6rre byggnationer.<br>Underh\u00e5ll, reparationer, om- och tillbyggnad.<br>Kontakta oss f\u00f6r att snabbt f\u00e5 en offert.<br>Sj\u00e4lvklart kan du anv\u00e4nda ditt ROT-avdrag n\u00e4r du anlitar RS Bygg.<br>Vi anv\u00e4nder oss av v\u00e5rt egenutvecklade offertsystem som g\u00f6r att \u00e5terkopplingar blir blixtsnabba!<br>Som privatperson \u00e4r det mycket att t\u00e4nka p\u00e5 n\u00e4r man k\u00f6per byggtj\u00e4nster.<br>Vi p\u00e5 RS Bygg f\u00f6rs\u00f6ker g\u00f6ra din upplevelse s\u00e5 smidig som m\u00f6jligt.<br>Det b\u00f6rjar redan vid f\u00f6rsta kontakten.<br>Vi ligger i framkant n\u00e4r det kommer till digitalisering inom byggbranschen.<br>Vi har utvecklat ett digitalt offertsystem som g\u00f6r att vi snabbt kan skicka ut<br>offerter f\u00f6r att ge er en bra prisbild och budget f\u00f6r ert byggprojekt.<br>V\u00e5ra planeringsverktyg g\u00f6r att arbetet g\u00e5r smidigt och snabbt med tydliga tidsplaner<br>och kontinuerlig uppf\u00f6ljning.<br>Det \u00e4r viktigt f\u00f6r oss att du k\u00e4nner dig trygg hela v\u00e4gen.<br>D\u00e4rf\u00f6r har du alltid en och samma kontaktperson genom hela ditt byggprojekt fr\u00e5n<br>planeringsstadiet till leverans.<br>Vi har ett brett utbud av tj\u00e4nster &#8211; renoveringar och tillbyggnader, mindre frist\u00e5ende<br>nybyggnationer samt olika serviceuppdrag.<br>Kontakta oss s\u00e5 hj\u00e4lper vi dig komma ig\u00e5ng!<\/td><\/tr><\/tbody><\/table><\/figure>\n\n\n\n<figure class=\"wp-block-image aligncenter size-full\"><img loading=\"lazy\" decoding=\"async\" width=\"960\" height=\"638\" src=\"https:\/\/rsbygg.se\/wp-content\/uploads\/2023\/02\/Jobba-hos-oss-01.jpg\" alt=\"\" class=\"wp-image-286\" srcset=\"https:\/\/rsbygg.se\/wp-content\/uploads\/2023\/02\/Jobba-hos-oss-01.jpg 960w, https:\/\/rsbygg.se\/wp-content\/uploads\/2023\/02\/Jobba-hos-oss-01-300x199.jpg 300w, https:\/\/rsbygg.se\/wp-content\/uploads\/2023\/02\/Jobba-hos-oss-01-768x510.jpg 768w\" sizes=\"auto, (max-width: 960px) 100vw, 960px\" \/><\/figure>\n","protected":false},"excerpt":{"rendered":"<p>F\u00f6retag Privat Till f\u00f6retag erbjuder RS Bygg ett brett utbud av entreprenadtj\u00e4nster.Vi utf\u00f6r alla projekt enligt ABT 06 \/AB04 och med ett skarpt \u00f6ga f\u00f6r detaljer.Med ett stort n\u00e4tverk av samarbetspartners kan vi erbjuda totalentreprenad &#8211; etteffektiv arbetsfl\u00f6de f\u00f6r oss och en b\u00e4ttre kostnadseffektivitet f\u00f6r best\u00e4llaren.Vi p\u00e5 RS Bygg erbjuder ett brett utbud av entreprenadtj\u00e4nster [&hellip;]<\/p>\n","protected":false},"author":1,"featured_media":0,"parent":0,"menu_order":0,"comment_status":"closed","ping_status":"closed","template":"","meta":{"site-sidebar-layout":"default","site-content-layout":"","ast-site-content-layout":"default","site-content-style":"default","site-sidebar-style":"default","ast-global-header-display":"","ast-banner-title-visibility":"","ast-main-header-display":"","ast-hfb-above-header-display":"","ast-hfb-below-header-display":"","ast-hfb-mobile-header-display":"","site-post-title":"","ast-breadcrumbs-content":"","ast-featured-img":"","footer-sml-layout":"","ast-disable-related-posts":"","theme-transparent-header-meta":"","adv-header-id-meta":"","stick-header-meta":"","header-above-stick-meta":"","header-main-stick-meta":"","header-below-stick-meta":"","astra-migrate-meta-layouts":"default","ast-page-background-enabled":"default","ast-page-background-meta":{"desktop":{"background-color":"var(--ast-global-color-4)","background-image":"","background-repeat":"repeat","background-position":"center center","background-size":"auto","background-attachment":"scroll","background-type":"","background-media":"","overlay-type":"","overlay-color":"","overlay-opacity":"","overlay-gradient":""},"tablet":{"background-color":"","background-image":"","background-repeat":"repeat","background-position":"center center","background-size":"auto","background-attachment":"scroll","background-type":"","background-media":"","overlay-type":"","overlay-color":"","overlay-opacity":"","overlay-gradient":""},"mobile":{"background-color":"","background-image":"","background-repeat":"repeat","background-position":"center center","background-size":"auto","background-attachment":"scroll","background-type":"","background-media":"","overlay-type":"","overlay-color":"","overlay-opacity":"","overlay-gradient":""}},"ast-content-background-meta":{"desktop":{"background-color":"var(--ast-global-color-5)","background-image":"","background-repeat":"repeat","background-position":"center center","background-size":"auto","background-attachment":"scroll","background-type":"","background-media":"","overlay-type":"","overlay-color":"","overlay-opacity":"","overlay-gradient":""},"tablet":{"background-color":"var(--ast-global-color-5)","background-image":"","background-repeat":"repeat","background-position":"center center","background-size":"auto","background-attachment":"scroll","background-type":"","background-media":"","overlay-type":"","overlay-color":"","overlay-opacity":"","overlay-gradient":""},"mobile":{"background-color":"var(--ast-global-color-5)","background-image":"","background-repeat":"repeat","background-position":"center center","background-size":"auto","background-attachment":"scroll","background-type":"","background-media":"","overlay-type":"","overlay-color":"","overlay-opacity":"","overlay-gradient":""}},"footnotes":""},"class_list":["post-77","page","type-page","status-publish","hentry"],"_links":{"self":[{"href":"https:\/\/rsbygg.se\/index.php?rest_route=\/wp\/v2\/pages\/77","targetHints":{"allow":["GET"]}}],"collection":[{"href":"https:\/\/rsbygg.se\/index.php?rest_route=\/wp\/v2\/pages"}],"about":[{"href":"https:\/\/rsbygg.se\/index.php?rest_route=\/wp\/v2\/types\/page"}],"author":[{"embeddable":true,"href":"https:\/\/rsbygg.se\/index.php?rest_route=\/wp\/v2\/users\/1"}],"replies":[{"embeddable":true,"href":"https:\/\/rsbygg.se\/index.php?rest_route=%2Fwp%2Fv2%2Fcomments&post=77"}],"version-history":[{"count":3,"href":"https:\/\/rsbygg.se\/index.php?rest_route=\/wp\/v2\/pages\/77\/revisions"}],"predecessor-version":[{"id":288,"href":"https:\/\/rsbygg.se\/index.php?rest_route=\/wp\/v2\/pages\/77\/revisions\/288"}],"wp:attachment":[{"href":"https:\/\/rsbygg.se\/index.php?rest_route=%2Fwp%2Fv2%2Fmedia&parent=77"}],"curies":[{"name":"wp","href":"https:\/\/api.w.org\/{rel}","templated":true}]}}